{"id":29,"date":"2023-01-05T09:39:24","date_gmt":"2023-01-05T08:39:24","guid":{"rendered":"http:\/\/www.dirk-ehrentraut.de\/Worldpress\/?page_id=29"},"modified":"2023-01-05T09:39:24","modified_gmt":"2023-01-05T08:39:24","slug":"eine-allee-des-jahres-liegt-vor-unserer-haustuer","status":"publish","type":"page","link":"http:\/\/www.dirk-ehrentraut.de\/Worldpress\/eine-allee-des-jahres-liegt-vor-unserer-haustuer\/","title":{"rendered":"EINE \u201eALLEE DES JAHRES\u201c LIEGT VOR UNSERER HAUST\u00dcR!"},"content":{"rendered":"\n<p>Begonnen hat es im Wartezimmer meiner \u00c4rztin. Ich schaute mir das Mitgliedermagazin des BUND des Naturschutzes an. Hier besonders die Fotoaufnahmen. Ein Jahr sp\u00e4ter konnte ich nicht ahnen, dass mein Bild zu den sch\u00f6nsten Alleen des Jahres z\u00e4hlt.<\/p>\n\n\n\n<p>Jedes Jahr werden zum Tag der Alleen am 20. Oktober die 3 Sch\u00f6nsten durch den BUND Mecklenburg-Vorpommern gek\u00fcrt.<\/p>\n\n\n\n<p>Das Motto lautete \u201eIhre Lieblingsallee ist genau vor der Haust\u00fcr oder Sie haben sie im Urlaub entdeckt? Egal wo in unserem Land, nehmen Sie diese wundersch\u00f6nen gr\u00fcnen Tunnel in den Focus.\u201c<\/p>\n\n\n\n<p>Nat\u00fcrlich gibt es auch einen ernsten Hintergrund f\u00fcr den Wettbewerb. J\u00e4hrlich wird auf die Bedrohung dieses Landschaftstyps hingewiesen. Unter anderem sind einige Alleenstra\u00dfen den Verkehrsanforderungen zum Opfer gefallen.<\/p>\n\n\n\n<p>Zum Gl\u00fcck gibt es in unserer Heimat noch zahlreiche Alleen. Eine davon geh\u00f6rt nun zu den sch\u00f6nsten Alleen in Deutschland. Machen sie sich auf die Suche und genie\u00dfen sie ihre Allee.<\/p>\n\n\n\n<p><a href=\"https:\/\/www.bund-mecklenburg-vorpommern.de\/themen\/mensch-umwelt\/alleen\/allee-des-jahres\/gewinner\/\">Gewinner (bund-mecklenburg-vorpommern.de)<\/a><\/p>\n\n\n\n<figure class=\"wp-block-image is-resized\"><img fetchpriority=\"high\" decoding=\"async\" src=\"http:\/\/www.dirk-ehrentraut.de\/Worldpress\/wp-content\/uploads\/2023\/01\/allee_des_jahres_bund_sachsen_2021.jpg\" alt=\"\" class=\"wp-image-22\" width=\"347\" height=\"231\" srcset=\"http:\/\/www.dirk-ehrentraut.de\/Worldpress\/wp-content\/uploads\/2023\/01\/allee_des_jahres_bund_sachsen_2021.jpg 600w, http:\/\/www.dirk-ehrentraut.de\/Worldpress\/wp-content\/uploads\/2023\/01\/allee_des_jahres_bund_sachsen_2021-300x200.jpg 300w\" sizes=\"(max-width: 347px) 100vw, 347px\" \/><\/figure>\n<h3>Related Images:<\/h3>","protected":false},"excerpt":{"rendered":"<p>Begonnen hat es im Wartezimmer meiner \u00c4rztin. Ich schaute mir das Mitgliedermagazin des BUND des Naturschutzes an. Hier besonders die Fotoaufnahmen. Ein Jahr sp\u00e4ter konnte ich nicht ahnen, dass mein Bild zu den sch\u00f6nsten Alleen des Jahres z\u00e4hlt. Jedes Jahr werden zum Tag der Alleen am 20. Oktober die 3 Sch\u00f6nsten durch den BUND Mecklenburg-Vorpommern [&hellip;]<\/p>\n","protected":false},"author":1,"featured_media":0,"parent":0,"menu_order":0,"comment_status":"closed","ping_status":"closed","template":"","meta":{"ngg_post_thumbnail":0,"ocean_post_layout":"","ocean_both_sidebars_style":"","ocean_both_sidebars_content_width":0,"ocean_both_sidebars_sidebars_width":0,"ocean_sidebar":"","ocean_second_sidebar":"","ocean_disable_margins":"enable","ocean_add_body_class":"","ocean_shortcode_before_top_bar":"","ocean_shortcode_after_top_bar":"","ocean_shortcode_before_header":"","ocean_shortcode_after_header":"","ocean_has_shortcode":"","ocean_shortcode_after_title":"","ocean_shortcode_before_footer_widgets":"","ocean_shortcode_after_footer_widgets":"","ocean_shortcode_before_footer_bottom":"","ocean_shortcode_after_footer_bottom":"","ocean_display_top_bar":"default","ocean_display_header":"default","ocean_header_style":"","ocean_center_header_left_menu":"","ocean_custom_header_template":"","ocean_custom_logo":0,"ocean_custom_retina_logo":0,"ocean_custom_logo_max_width":0,"ocean_custom_logo_tablet_max_width":0,"ocean_custom_logo_mobile_max_width":0,"ocean_custom_logo_max_height":0,"ocean_custom_logo_tablet_max_height":0,"ocean_custom_logo_mobile_max_height":0,"ocean_header_custom_menu":"","ocean_menu_typo_font_family":"","ocean_menu_typo_font_subset":"","ocean_menu_typo_font_size":0,"ocean_menu_typo_font_size_tablet":0,"ocean_menu_typo_font_size_mobile":0,"ocean_menu_typo_font_size_unit":"px","ocean_menu_typo_font_weight":"","ocean_menu_typo_font_weight_tablet":"","ocean_menu_typo_font_weight_mobile":"","ocean_menu_typo_transform":"","ocean_menu_typo_transform_tablet":"","ocean_menu_typo_transform_mobile":"","ocean_menu_typo_line_height":0,"ocean_menu_typo_line_height_tablet":0,"ocean_menu_typo_line_height_mobile":0,"ocean_menu_typo_line_height_unit":"","ocean_menu_typo_spacing":0,"ocean_menu_typo_spacing_tablet":0,"ocean_menu_typo_spacing_mobile":0,"ocean_menu_typo_spacing_unit":"","ocean_menu_link_color":"","ocean_menu_link_color_hover":"","ocean_menu_link_color_active":"","ocean_menu_link_background":"","ocean_menu_link_hover_background":"","ocean_menu_link_active_background":"","ocean_menu_social_links_bg":"","ocean_menu_social_hover_links_bg":"","ocean_menu_social_links_color":"","ocean_menu_social_hover_links_color":"","ocean_disable_title":"default","ocean_disable_heading":"default","ocean_post_title":"","ocean_post_subheading":"","ocean_post_title_style":"","ocean_post_title_background_color":"","ocean_post_title_background":0,"ocean_post_title_bg_image_position":"","ocean_post_title_bg_image_attachment":"","ocean_post_title_bg_image_repeat":"","ocean_post_title_bg_image_size":"","ocean_post_title_height":0,"ocean_post_title_bg_overlay":0.5,"ocean_post_title_bg_overlay_color":"","ocean_disable_breadcrumbs":"default","ocean_breadcrumbs_color":"","ocean_breadcrumbs_separator_color":"","ocean_breadcrumbs_links_color":"","ocean_breadcrumbs_links_hover_color":"","ocean_display_footer_widgets":"default","ocean_display_footer_bottom":"default","ocean_custom_footer_template":"","footnotes":""},"class_list":["post-29","page","type-page","status-publish","hentry","entry"],"_links":{"self":[{"href":"http:\/\/www.dirk-ehrentraut.de\/Worldpress\/wp-json\/wp\/v2\/pages\/29","targetHints":{"allow":["GET"]}}],"collection":[{"href":"http:\/\/www.dirk-ehrentraut.de\/Worldpress\/wp-json\/wp\/v2\/pages"}],"about":[{"href":"http:\/\/www.dirk-ehrentraut.de\/Worldpress\/wp-json\/wp\/v2\/types\/page"}],"author":[{"embeddable":true,"href":"http:\/\/www.dirk-ehrentraut.de\/Worldpress\/wp-json\/wp\/v2\/users\/1"}],"replies":[{"embeddable":true,"href":"http:\/\/www.dirk-ehrentraut.de\/Worldpress\/wp-json\/wp\/v2\/comments?post=29"}],"version-history":[{"count":1,"href":"http:\/\/www.dirk-ehrentraut.de\/Worldpress\/wp-json\/wp\/v2\/pages\/29\/revisions"}],"predecessor-version":[{"id":30,"href":"http:\/\/www.dirk-ehrentraut.de\/Worldpress\/wp-json\/wp\/v2\/pages\/29\/revisions\/30"}],"wp:attachment":[{"href":"http:\/\/www.dirk-ehrentraut.de\/Worldpress\/wp-json\/wp\/v2\/media?parent=29"}],"curies":[{"name":"wp","href":"https:\/\/api.w.org\/{rel}","templated":true}]}}